{"id":5136,"date":"2018-11-27T12:11:16","date_gmt":"2018-11-27T14:11:16","guid":{"rendered":"http:\/\/divisaalegre.mg.gov.br\/?page_id=5136"},"modified":"2026-02-10T10:36:11","modified_gmt":"2026-02-10T13:36:11","slug":"transparencia","status":"publish","type":"page","link":"http:\/\/saoroquedeminas.mg.gov.br\/?page_id=5136","title":{"rendered":"Transpar\u00eancia"},"content":{"rendered":"<div class=\"wpb-content-wrapper\"><p>[vc_row][vc_column][vc_column_text]<\/p>\n<h1 style=\"text-align: justify;\">Portal da Transpar\u00eancia<\/h1>\n<p style=\"text-align: justify;\">O est\u00edmulo \u00e0 transpar\u00eancia p\u00fablica \u00e9 um dos objetivos essenciais da moderna Administra\u00e7\u00e3o P\u00fablica. A amplia\u00e7\u00e3o da divulga\u00e7\u00e3o das a\u00e7\u00f5es governamentais a milh\u00f5es de brasileiros, al\u00e9m de contribuir para o fortalecimento da democracia, prestigia e desenvolve as no\u00e7\u00f5es de cidadania.<\/p>\n<p style=\"text-align: justify;\">As P\u00e1ginas de Transpar\u00eancia P\u00fablica d\u00e3o continuidade \u00e0s a\u00e7\u00f5es de governo voltadas para o incremento da transpar\u00eancia e do controle social, com objetivo de divulgar as despesas realizadas pelos \u00f3rg\u00e3os e entidades da Administra\u00e7\u00e3o P\u00fablica Federal, informando sobre execu\u00e7\u00e3o or\u00e7ament\u00e1ria, licita\u00e7\u00f5es, contrata\u00e7\u00f5es, conv\u00eanios, di\u00e1rias e passagens.<\/p>\n<p style=\"text-align: justify;\">A Prefeitura Municipal, buscando atender as exig\u00eancias, apresenta seu Portal da Transpar\u00eancia, acesse os links abaixo e saiba onde os recursos est\u00e3o sendo destinados.<\/p>\n<p>[\/vc_column_text][vc_btn title=&#8221;Lei Complementar N\u00ba LC 131\/2009&#8243; color=&#8221;green&#8221; link=&#8221;url:http%3A%2F%2Fwww.planalto.gov.br%2Fccivil_03%2Fleis%2Flcp%2Flcp131.htm||target:%20_blank|&#8221;][vc_btn title=&#8221;Decreto Estadual N\u00ba45.969\/2012&#8243; color=&#8221;green&#8221; link=&#8221;url:http%3A%2F%2Fdocbox.com.br%2Fsaoroquedeminas%2Farq.php%3Ffunction%3Dvisualiza%26id%3D880||target:%20_blank|&#8221;][vc_btn title=&#8221;Perguntas e respostas frequentes&#8221; color=&#8221;green&#8221; link=&#8221;url:%2Fperguntas-e-respostas-frequentes%2F||target:%20_blank|&#8221;][vc_separator][\/vc_column][\/vc_row][vc_row][vc_column width=&#8221;1\/4&#8243;][vc_gallery type=&#8221;image_grid&#8221; images=&#8221;5693&#8243; img_size=&#8221;full&#8221; onclick=&#8221;custom_link&#8221; custom_links_target=&#8221;_blank&#8221; custom_links=&#8221;#E-8_aHR0cHMlM0ElMkYlMkZpbGFpLm1lbW9yeS5jb20uYnIlMkYlMjMlMkZlbnRpZGFkZXMlMkZsb2dpbiUyRjlEWk1FSCUyRjElMkY=&#8221;][vc_text_separator title=&#8221;Link do Portal&#8221;][\/vc_column][vc_column width=&#8221;1\/4&#8243;][vc_gallery type=&#8221;image_grid&#8221; images=&#8221;5695&#8243; img_size=&#8221;full&#8221; onclick=&#8221;custom_link&#8221; custom_links_target=&#8221;_blank&#8221; custom_links=&#8221;#E-8_aHR0cCUzQSUyRiUyRnNhb3JvcXVlZGVtaW5hcy53ZWIyMWYyNy51bmk1Lm5ldCUyRmxpY2l0YWNhbyUyRmNvbnRfcGFnOF9hbm8yMDIzX2FuZGFtZW50by5hc3AlM0ZwYWclM0Q3MA==&#8221;][vc_text_separator title=&#8221;Licita\u00e7\u00f5es&#8221;][\/vc_column][vc_column width=&#8221;1\/4&#8243;][vc_gallery type=&#8221;image_grid&#8221; images=&#8221;5698&#8243; img_size=&#8221;full&#8221; onclick=&#8221;custom_link&#8221; custom_links_target=&#8221;_blank&#8221; css=&#8221;&#8221; custom_links=&#8221;#E-8_aHR0cHMlM0ElMkYlMkZzaWNvbmZpLnRlc291cm8uZ292LmJyJTJGc2ljb25maSUyRnBhZ2VzJTJGcHVibGljJTJGZGVjbGFyYWNhbyUyRmRlY2xhcmFjYW9fbGlzdC5qc2Y=&#8221;][vc_text_separator title=&#8221;Relat\u00f3rios (RGF \/RREO)&#8221;][\/vc_column][vc_column width=&#8221;1\/4&#8243;][vc_gallery type=&#8221;image_grid&#8221; images=&#8221;5698&#8243; img_size=&#8221;full&#8221; onclick=&#8221;custom_link&#8221; custom_links_target=&#8221;_blank&#8221; custom_links=&#8221;#E-8_aHR0cCUzQSUyRiUyRmxhaS5tZW1vcnkuY29tLmJyJTJGY29udGFzLXB1YmxpY2FzJTJGOURaTUVI&#8221;][vc_text_separator title=&#8221;Contas P\u00fablicas&#8221;][\/vc_column][\/vc_row][vc_row][vc_column width=&#8221;1\/4&#8243;][vc_gallery type=&#8221;image_grid&#8221; images=&#8221;5677&#8243; img_size=&#8221;full&#8221; onclick=&#8221;custom_link&#8221; custom_links_target=&#8221;_blank&#8221; custom_links=&#8221;\/category\/transparencia\/processos-seletivos\/&#8221;][vc_text_separator title=&#8221;Processos Seletivos&#8221;][\/vc_column][vc_column width=&#8221;1\/4&#8243;][vc_gallery type=&#8221;image_grid&#8221; images=&#8221;5700&#8243; img_size=&#8221;full&#8221; onclick=&#8221;custom_link&#8221; custom_links_target=&#8221;_blank&#8221; custom_links=&#8221;#E-8_aHR0cCUzQSUyRiUyRmRvY2JveC5jb20uYnIlMkZzYW9yb3F1ZWRlbWluYXMlMkZnZXREb2NzU2VhcmNoLnBocCUzRmZvcm0lM0QzJTI2aWRFeGVyJTNEJTI2aWRjYXQlM0QlMjZpZFN1YiUzRCUyNmR0SW5pY2lvJTNEJTI2ZHRGaW0lM0QlMjZkdEluaWNpb0RvYyUzRCUyNmR0RmltRG9jJTNEJTI2cGVyZ0lkRGF0YSUzRCUyNmdlbmVyaWNhJTNEJTI2cGVyZzYlM0Q2LSUyNnBlcmc3JTNENy0=&#8221;][vc_text_separator title=&#8221;LDO &#8211; Lei de Diretrizes Or\u00e7ament\u00e1rias&#8221;][\/vc_column][vc_column width=&#8221;1\/4&#8243;][vc_gallery type=&#8221;image_grid&#8221; images=&#8221;5700&#8243; img_size=&#8221;full&#8221; onclick=&#8221;custom_link&#8221; custom_links_target=&#8221;_blank&#8221; custom_links=&#8221;#E-8_aHR0cCUzQSUyRiUyRmRvY2JveC5jb20uYnIlMkZzYW9yb3F1ZWRlbWluYXMlMkZnZXREb2NzU2VhcmNoLnBocCUzRmZvcm0lM0Q3JTI2aWRFeGVyJTNEJTI2aWRjYXQlM0QlMjZpZFN1YiUzRCUyNmR0SW5pY2lvJTNEJTI2ZHRGaW0lM0QlMjZkdEluaWNpb0RvYyUzRCUyNmR0RmltRG9jJTNEJTI2cGVyZ0lkRGF0YSUzRCUyNmdlbmVyaWNhJTNEJTI2cGVyZzE0JTNEMTQtJTI2cGVyZzE1JTNEMTUt&#8221;][vc_text_separator title=&#8221;LOA- Lei Or\u00e7ament\u00e1ria Anual&#8221;][\/vc_column][vc_column width=&#8221;1\/4&#8243;][vc_gallery type=&#8221;image_grid&#8221; images=&#8221;5700&#8243; img_size=&#8221;full&#8221; onclick=&#8221;custom_link&#8221; custom_links_target=&#8221;_blank&#8221; custom_links=&#8221;#E-8_aHR0cCUzQSUyRiUyRmRvY2JveC5jb20uYnIlMkZzYW9yb3F1ZWRlbWluYXMlMkZnZXREb2NzU2VhcmNoLnBocCUzRmZvcm0lM0QxMCUyNmlkRXhlciUzRCUyNmlkY2F0JTNEJTI2aWRTdWIlM0QlMjZkdEluaWNpbyUzRCUyNmR0RmltJTNEJTI2ZHRJbmljaW9Eb2MlM0QlMjZkdEZpbURvYyUzRCUyNnBlcmdJZERhdGElM0QlMjZnZW5lcmljYSUzRCUyNnBlcmcyMCUzRDIwLSUyNnBlcmcyMSUzRDIxLQ==&#8221;][vc_text_separator title=&#8221;PPA &#8211; Plano Plurianual&#8221;][\/vc_column][\/vc_row][vc_row][vc_column width=&#8221;1\/4&#8243;][vc_gallery type=&#8221;image_grid&#8221; images=&#8221;5697&#8243; img_size=&#8221;full&#8221; onclick=&#8221;custom_link&#8221; custom_links_target=&#8221;_blank&#8221; custom_links=&#8221;#E-8_aHR0cCUzQSUyRiUyRmxhaS5tZW1vcnkuY29tLmJyJTJGZXNpYw==&#8221;][vc_text_separator title=&#8221;E-Sic (Acesso \u00e0 Informa\u00e7\u00e3o)&#8221;][\/vc_column][vc_column width=&#8221;1\/4&#8243;][vc_gallery type=&#8221;image_grid&#8221; images=&#8221;5702&#8243; img_size=&#8221;full&#8221; onclick=&#8221;custom_link&#8221; custom_links_target=&#8221;_blank&#8221; custom_links=&#8221;#E-8_aHR0cCUzQSUyRiUyRnd3dy50cmFuc3BhcmVuY2lhLm1nLmdvdi5iciUyRg==&#8221;][vc_text_separator title=&#8221;Portal da Transpar\u00eancia Minas Gerais&#8221;][\/vc_column][vc_column width=&#8221;1\/4&#8243;][\/vc_column][vc_column width=&#8221;1\/4&#8243;][\/vc_column][\/vc_row]<\/p>\n<\/div>","protected":false},"excerpt":{"rendered":"<p>[vc_row][vc_column][vc_column_text] Portal da Transpar\u00eancia O est\u00edmulo \u00e0 transpar\u00eancia p\u00fablica \u00e9 um dos objetivos essenciais da moderna Administra\u00e7\u00e3o P\u00fablica. A amplia\u00e7\u00e3o da divulga\u00e7\u00e3o das a\u00e7\u00f5es governamentais a milh\u00f5es de brasileiros, al\u00e9m de contribuir para o fortalecimento da democracia, prestigia e desenvolve as no\u00e7\u00f5es de cidadania. As P\u00e1ginas de Transpar\u00eancia P\u00fablica d\u00e3o continuidade \u00e0s a\u00e7\u00f5es de governo [&hellip;]<\/p>\n","protected":false},"author":16,"featured_media":0,"parent":0,"menu_order":0,"comment_status":"closed","ping_status":"closed","template":"","meta":{"footnotes":""},"class_list":["post-5136","page","type-page","status-publish","hentry"],"_links":{"self":[{"href":"http:\/\/saoroquedeminas.mg.gov.br\/index.php?rest_route=\/wp\/v2\/pages\/5136","targetHints":{"allow":["GET"]}}],"collection":[{"href":"http:\/\/saoroquedeminas.mg.gov.br\/index.php?rest_route=\/wp\/v2\/pages"}],"about":[{"href":"http:\/\/saoroquedeminas.mg.gov.br\/index.php?rest_route=\/wp\/v2\/types\/page"}],"author":[{"embeddable":true,"href":"http:\/\/saoroquedeminas.mg.gov.br\/index.php?rest_route=\/wp\/v2\/users\/16"}],"replies":[{"embeddable":true,"href":"http:\/\/saoroquedeminas.mg.gov.br\/index.php?rest_route=%2Fwp%2Fv2%2Fcomments&post=5136"}],"version-history":[{"count":31,"href":"http:\/\/saoroquedeminas.mg.gov.br\/index.php?rest_route=\/wp\/v2\/pages\/5136\/revisions"}],"predecessor-version":[{"id":7184,"href":"http:\/\/saoroquedeminas.mg.gov.br\/index.php?rest_route=\/wp\/v2\/pages\/5136\/revisions\/7184"}],"wp:attachment":[{"href":"http:\/\/saoroquedeminas.mg.gov.br\/index.php?rest_route=%2Fwp%2Fv2%2Fmedia&parent=5136"}],"curies":[{"name":"wp","href":"https:\/\/api.w.org\/{rel}","templated":true}]}}